{"id":12837,"date":"2022-09-21T14:05:26","date_gmt":"2022-09-21T18:05:26","guid":{"rendered":"https:\/\/www.salmonesaustral.cl\/historia\/"},"modified":"2024-03-14T10:52:19","modified_gmt":"2024-03-14T14:52:19","slug":"history","status":"publish","type":"page","link":"https:\/\/www.salmonesaustral.cl\/en\/history\/","title":{"rendered":"History"},"content":{"rendered":"<div class=\"fusion-fullwidth fullwidth-box fusion-builder-row-1 fusion-flex-container has-pattern-background has-mask-background fusion-parallax-none nonhundred-percent-fullwidth non-hundred-percent-height-scrolling\" style=\"--awb-border-radius-top-left:0px;--awb-border-radius-top-right:0px;--awb-border-radius-bottom-right:0px;--awb-border-radius-bottom-left:0px;--awb-padding-top:50px;--awb-padding-bottom:0px;--awb-padding-top-small:120px;--awb-padding-bottom-small:50px;--awb-background-image:url(&quot;https:\/\/www.salmonesaustral.cl\/wp-content\/uploads\/2023\/02\/nuestra-historia.jpg&quot;);--awb-background-size:cover;\" ><div class=\"fusion-builder-row fusion-row fusion-flex-align-items-flex-start\" style=\"max-width:1144px;margin-left: calc(-4% \/ 2 );margin-right: calc(-4% \/ 2 );\"><div class=\"fusion-layout-column fusion_builder_column fusion-builder-column-0 fusion_builder_column_1_1 1_1 fusion-flex-column\" style=\"--awb-padding-right:30px;--awb-padding-left:30px;--awb-bg-size:cover;--awb-width-large:100%;--awb-margin-top-large:0px;--awb-spacing-right-large:1.92%;--awb-margin-bottom-large:20px;--awb-spacing-left-large:1.92%;--awb-width-medium:100%;--awb-order-medium:0;--awb-spacing-right-medium:1.92%;--awb-spacing-left-medium:1.92%;--awb-width-small:100%;--awb-order-small:0;--awb-spacing-right-small:1.92%;--awb-spacing-left-small:1.92%;\"><div class=\"fusion-column-wrapper fusion-column-has-shadow fusion-flex-justify-content-flex-start fusion-content-layout-column\"><div class=\"fusion-title title fusion-title-1 fusion-title-center fusion-title-text fusion-title-size-one\" style=\"--awb-text-color:#ffffff;--awb-margin-bottom:50px;\"><div class=\"title-sep-container title-sep-container-left\"><div class=\"title-sep sep- sep-solid\" style=\"border-color:var(--awb-color3);\"><\/div><\/div><span class=\"awb-title-spacer\"><\/span><h1 class=\"title-heading-center fusion-responsive-typography-calculated\" style=\"margin:0;text-transform:capitalize;--fontSize:35;line-height:1;\">Our History<\/h1><span class=\"awb-title-spacer\"><\/span><div class=\"title-sep-container title-sep-container-right\"><div class=\"title-sep sep- sep-solid\" style=\"border-color:var(--awb-color3);\"><\/div><\/div><\/div><div class=\"fusion-text fusion-text-1\" style=\"--awb-content-alignment:justify;--awb-text-color:#ffffff;\"><p>Salmones Austral was originated by the merger of Trusal S.A., Salmones Pacific Star S.A. and Comsur Ltda., recognized companies with a broad track record and experience in aquaculture.<\/p>\n<p>Salmones Pacific Star, created in 1985, is considered one of the pioneering companies in the region. Its founders, Mart\u00edn Rosas Covarrubias and Pedro Hurtado Vicu\u00f1a, initiated its works in the sector of San Antonio, Quell\u00f3n, Chilo\u00e9 Island, where the first fish farm was installed and then setting up in 1998 the Quell\u00f3n Processing Plan, as their main plant. Likewise, in 2004, the company opened its first Sea Center in the Gulf of Corcovado, being one of the pioneers in locating its operations in a zone extensively exposed to climate conditions, creating the first concepts of offshore farming.<\/p>\n<p>On the other hand, the company Trusal S.A., created in 1988 with the staring of its operations mainly in the Reloncav\u00ed Estuary located between Ral\u00fan and Canutillar, is considered as one of the pioneering companies in terms of egg self-supply, becoming suppliers of eggs, fry and smolts to other salmon companies. One of the major operational and infrastructure changes occurred in 2000 with the creation of the Comsur Ltda. Processing Plant in Puerto Montt, since such plant, currently our Chamiza Plant, allowed to satisfy the requirements not only of Trusal S.A., but also of other companies to which it provided maquila services.<\/p>\n<\/div><div class=\"fusion-image-element fusion-no-small-visibility\" style=\"text-align:center;--awb-max-width:850px;--awb-caption-title-font-family:var(--h2_typography-font-family);--awb-caption-title-font-weight:var(--h2_typography-font-weight);--awb-caption-title-font-style:var(--h2_typography-font-style);--awb-caption-title-size:var(--h2_typography-font-size);--awb-caption-title-transform:var(--h2_typography-text-transform);--awb-caption-title-line-height:var(--h2_typography-line-height);--awb-caption-title-letter-spacing:var(--h2_typography-letter-spacing);\"><span class=\" fusion-imageframe imageframe-none imageframe-1 hover-type-none fusion-no-small-visibility\" class=\"image-magnify\" class=\"image-scroll\"><img decoding=\"async\" width=\"822\" height=\"1419\" src=\"https:\/\/www.salmonesaustral.cl\/wp-content\/uploads\/2024\/03\/graficahistoria_EN.png\" alt class=\"img-responsive wp-image-12839\" srcset=\"https:\/\/www.salmonesaustral.cl\/wp-content\/uploads\/2024\/03\/graficahistoria_EN-200x345.png 200w, https:\/\/www.salmonesaustral.cl\/wp-content\/uploads\/2024\/03\/graficahistoria_EN-400x691.png 400w, https:\/\/www.salmonesaustral.cl\/wp-content\/uploads\/2024\/03\/graficahistoria_EN-600x1036.png 600w, https:\/\/www.salmonesaustral.cl\/wp-content\/uploads\/2024\/03\/graficahistoria_EN-800x1381.png 800w, https:\/\/www.salmonesaustral.cl\/wp-content\/uploads\/2024\/03\/graficahistoria_EN.png 822w\" sizes=\"(max-width: 1024px) 100vw, (max-width: 640px) 100vw, 822px\" \/><\/span><\/div><div class=\"fusion-title title fusion-title-2 fusion-no-medium-visibility fusion-no-large-visibility fusion-title-center fusion-title-text fusion-title-size-paragraph\" style=\"--awb-text-color:#ffffff;--awb-margin-top:30px;--awb-margin-bottom:0px;--awb-margin-top-small:50px;--awb-font-size:20px;\"><div class=\"title-sep-container title-sep-container-left\"><div class=\"title-sep sep- sep-solid\" style=\"border-color:var(--awb-color3);\"><\/div><\/div><span class=\"awb-title-spacer\"><\/span><p class=\"title-heading-center title-heading-tag fusion-responsive-typography-calculated\" style=\"font-family:&quot;Source Sans Pro&quot;;font-style:normal;font-weight:400;margin:0;font-size:1em;text-transform:capitalize;--fontSize:20;line-height:1.2;\">Some milestones since our merger:<\/p><span class=\"awb-title-spacer\"><\/span><div class=\"title-sep-container title-sep-container-right\"><div class=\"title-sep sep- sep-solid\" style=\"border-color:var(--awb-color3);\"><\/div><\/div><\/div><div class=\"fusion-text fusion-text-2 fusion-no-medium-visibility fusion-no-large-visibility\" style=\"--awb-content-alignment:justify;--awb-text-color:#ffffff;\"><p><strong>2013<\/strong><br \/>\nOn May 20, 2013, Salmones Austral is originated as a holding created by the merger of the companies Trusal S.A., Salmones Pacific Star S.A. and Comsur Ltda., all with a broad aquaculture experience.<\/p>\n<p><strong>2016<\/strong><br \/>\nSalmones Austral was strongly impacted by the algae bloom that affected the Puerto Montt area. Due to the important biomass loss occurred in this year the prices improved, which contributed to its financial situation. This forced the implementation of microalgae mitigation systems in all of its centers, which are unique in Chile.<\/p>\n<p><strong>2017<\/strong><br \/>\nInvestment in La Tabilla fish farm, going from open flow to reuse, allowing decreasing water consumption, which made it much more sustainable.<\/p>\n<p><strong>2018<\/strong><br \/>\nPEX Operational Excellence Program (TPM) is implemented, opening its first pilot in Bajos Lami fish farming center.<\/p>\n<p><strong>2019<\/strong><br \/>\nThe construction project of Los Arrayanes Fish Farm starts.<br \/>\nThe securities registration process starts, to obtain the authorization from the Commission for the Financial Market (CMF, Spanish acronym) which will allow operating in the Santiago Stock Exchange.<\/p>\n<p><strong>2020<\/strong><br \/>\nA worldwide pandemic is declared, which constituted a major challenge for the operation; price drop, borders and markets closing, strong investment in Human Resources and transportation.<br \/>\nDespite the above, the harvest levels were maintained, reaching 47,908 tons and allowing the continuity of the 2020-2023 investment strategic plan.<\/p>\n<p><strong>2022<\/strong><br \/>\nSalmones Austral reaffirms its commitment with a sustainable and inclusive industry, respectful with its environment, one year away from launching its Sustainability, Territorial Relations Strategy and signing the Gender Equality Decalogue.<\/p>\n<p><strong>2023<\/strong><br \/>\n10 years of our merger!<br \/>\n10 years of growth and development, of continuing working and pushing our business with love and commitment.<\/p>\n<\/div><\/div><\/div><\/div><\/div>\n","protected":false},"excerpt":{"rendered":"","protected":false},"author":1,"featured_media":0,"parent":0,"menu_order":0,"comment_status":"closed","ping_status":"closed","template":"100-width.php","meta":{"footnotes":""},"class_list":["post-12837","page","type-page","status-publish","hentry"],"_links":{"self":[{"href":"https:\/\/www.salmonesaustral.cl\/en\/wp-json\/wp\/v2\/pages\/12837","targetHints":{"allow":["GET"]}}],"collection":[{"href":"https:\/\/www.salmonesaustral.cl\/en\/wp-json\/wp\/v2\/pages"}],"about":[{"href":"https:\/\/www.salmonesaustral.cl\/en\/wp-json\/wp\/v2\/types\/page"}],"author":[{"embeddable":true,"href":"https:\/\/www.salmonesaustral.cl\/en\/wp-json\/wp\/v2\/users\/1"}],"replies":[{"embeddable":true,"href":"https:\/\/www.salmonesaustral.cl\/en\/wp-json\/wp\/v2\/comments?post=12837"}],"version-history":[{"count":0,"href":"https:\/\/www.salmonesaustral.cl\/en\/wp-json\/wp\/v2\/pages\/12837\/revisions"}],"wp:attachment":[{"href":"https:\/\/www.salmonesaustral.cl\/en\/wp-json\/wp\/v2\/media?parent=12837"}],"curies":[{"name":"wp","href":"https:\/\/api.w.org\/{rel}","templated":true}]}}